{"id":115,"date":"2020-02-13T17:46:32","date_gmt":"2020-02-13T17:46:32","guid":{"rendered":"https:\/\/diacltda.cl\/?page_id=115"},"modified":"2020-02-16T23:56:01","modified_gmt":"2020-02-16T23:56:01","slug":"centro-social-hijos-de-la-ex-oficina-salitrera-jose-vergara","status":"publish","type":"page","link":"https:\/\/diacltda.cl\/?page_id=115","title":{"rendered":"Centro Social Hijos de la Ex Oficina Salitrera Jos\u00e9 Vergara"},"content":{"rendered":"","protected":false},"excerpt":{"rendered":"","protected":false},"author":1,"featured_media":212,"parent":0,"menu_order":0,"comment_status":"closed","ping_status":"closed","template":"","meta":[],"yoast_head":"<!-- This site is optimized with the Yoast SEO plugin v19.5.1 - https:\/\/yoast.com\/wordpress\/plugins\/seo\/ -->\n<title>Centro Social Hijos de la Ex Oficina Salitrera Jos\u00e9 Vergara - Ingenier\u00eda y distribuci\u00f3n El\u00e9ctrica Diac Ltda<\/title>\n<meta name=\"robots\" content=\"index, follow, max-snippet:-1, max-image-preview:large, max-video-preview:-1\" \/>\n<link rel=\"canonical\" href=\"https:\/\/diacltda.cl\/?page_id=115\" \/>\n<meta property=\"og:locale\" content=\"es_ES\" \/>\n<meta property=\"og:type\" content=\"article\" \/>\n<meta property=\"og:title\" content=\"Centro Social Hijos de la Ex Oficina Salitrera Jos\u00e9 Vergara - Ingenier\u00eda y distribuci\u00f3n El\u00e9ctrica Diac Ltda\" \/>\n<meta property=\"og:url\" content=\"https:\/\/diacltda.cl\/?page_id=115\" \/>\n<meta property=\"og:site_name\" content=\"Ingenier\u00eda y distribuci\u00f3n El\u00e9ctrica Diac Ltda\" \/>\n<meta property=\"article:modified_time\" content=\"2020-02-16T23:56:01+00:00\" \/>\n<meta property=\"og:image\" content=\"https:\/\/diacltda.cl\/wp-content\/uploads\/2020\/02\/respon1.jpg\" \/>\n\t<meta property=\"og:image:width\" content=\"626\" \/>\n\t<meta property=\"og:image:height\" content=\"327\" \/>\n\t<meta property=\"og:image:type\" content=\"image\/jpeg\" \/>\n<meta name=\"twitter:card\" content=\"summary_large_image\" \/>\n<script type=\"application\/ld+json\" class=\"yoast-schema-graph\">{\"@context\":\"https:\/\/schema.org\",\"@graph\":[{\"@type\":\"WebPage\",\"@id\":\"https:\/\/diacltda.cl\/?page_id=115\",\"url\":\"https:\/\/diacltda.cl\/?page_id=115\",\"name\":\"Centro Social Hijos de la Ex Oficina Salitrera Jos\u00e9 Vergara - Ingenier\u00eda y distribuci\u00f3n El\u00e9ctrica Diac Ltda\",\"isPartOf\":{\"@id\":\"https:\/\/diacltda.cl\/#website\"},\"datePublished\":\"2020-02-13T17:46:32+00:00\",\"dateModified\":\"2020-02-16T23:56:01+00:00\",\"breadcrumb\":{\"@id\":\"https:\/\/diacltda.cl\/?page_id=115#breadcrumb\"},\"inLanguage\":\"es\",\"potentialAction\":[{\"@type\":\"ReadAction\",\"target\":[\"https:\/\/diacltda.cl\/?page_id=115\"]}]},{\"@type\":\"BreadcrumbList\",\"@id\":\"https:\/\/diacltda.cl\/?page_id=115#breadcrumb\",\"itemListElement\":[{\"@type\":\"ListItem\",\"position\":1,\"name\":\"Portada\",\"item\":\"https:\/\/diacltda.cl\/\"},{\"@type\":\"ListItem\",\"position\":2,\"name\":\"Centro Social Hijos de la Ex Oficina Salitrera Jos\u00e9 Vergara\"}]},{\"@type\":\"WebSite\",\"@id\":\"https:\/\/diacltda.cl\/#website\",\"url\":\"https:\/\/diacltda.cl\/\",\"name\":\"Ingenier\u00eda y distribuci\u00f3n El\u00e9ctrica Diac Ltda\",\"description\":\"Empresa con experiencia en el rubro el\u00e9ctrico, Construcci\u00f3n y mantenci\u00f3n industrial, Metalmec\u00e1nica y Mec\u00e1nica de suelo\",\"publisher\":{\"@id\":\"https:\/\/diacltda.cl\/#organization\"},\"potentialAction\":[{\"@type\":\"SearchAction\",\"target\":{\"@type\":\"EntryPoint\",\"urlTemplate\":\"https:\/\/diacltda.cl\/?s={search_term_string}\"},\"query-input\":\"required name=search_term_string\"}],\"inLanguage\":\"es\"},{\"@type\":\"Organization\",\"@id\":\"https:\/\/diacltda.cl\/#organization\",\"name\":\"Ingenier\u00eda y distribuci\u00f3n El\u00e9ctrica Diac Ltda\",\"url\":\"https:\/\/diacltda.cl\/\",\"sameAs\":[],\"logo\":{\"@type\":\"ImageObject\",\"inLanguage\":\"es\",\"@id\":\"https:\/\/diacltda.cl\/#\/schema\/logo\/image\/\",\"url\":\"https:\/\/diacltda.cl\/wp-content\/uploads\/2022\/08\/cropped-Logoripo-google-chrome-1.jpg\",\"contentUrl\":\"https:\/\/diacltda.cl\/wp-content\/uploads\/2022\/08\/cropped-Logoripo-google-chrome-1.jpg\",\"width\":334,\"height\":137,\"caption\":\"Ingenier\u00eda y distribuci\u00f3n El\u00e9ctrica Diac Ltda\"},\"image\":{\"@id\":\"https:\/\/diacltda.cl\/#\/schema\/logo\/image\/\"}}]}<\/script>\n<!-- \/ Yoast SEO plugin. -->","yoast_head_json":{"title":"Centro Social Hijos de la Ex Oficina Salitrera Jos\u00e9 Vergara - Ingenier\u00eda y distribuci\u00f3n El\u00e9ctrica Diac Ltda","robots":{"index":"index","follow":"follow","max-snippet":"max-snippet:-1","max-image-preview":"max-image-preview:large","max-video-preview":"max-video-preview:-1"},"canonical":"https:\/\/diacltda.cl\/?page_id=115","og_locale":"es_ES","og_type":"article","og_title":"Centro Social Hijos de la Ex Oficina Salitrera Jos\u00e9 Vergara - Ingenier\u00eda y distribuci\u00f3n El\u00e9ctrica Diac Ltda","og_url":"https:\/\/diacltda.cl\/?page_id=115","og_site_name":"Ingenier\u00eda y distribuci\u00f3n El\u00e9ctrica Diac Ltda","article_modified_time":"2020-02-16T23:56:01+00:00","og_image":[{"width":626,"height":327,"url":"https:\/\/diacltda.cl\/wp-content\/uploads\/2020\/02\/respon1.jpg","type":"image\/jpeg"}],"twitter_card":"summary_large_image","schema":{"@context":"https:\/\/schema.org","@graph":[{"@type":"WebPage","@id":"https:\/\/diacltda.cl\/?page_id=115","url":"https:\/\/diacltda.cl\/?page_id=115","name":"Centro Social Hijos de la Ex Oficina Salitrera Jos\u00e9 Vergara - Ingenier\u00eda y distribuci\u00f3n El\u00e9ctrica Diac Ltda","isPartOf":{"@id":"https:\/\/diacltda.cl\/#website"},"datePublished":"2020-02-13T17:46:32+00:00","dateModified":"2020-02-16T23:56:01+00:00","breadcrumb":{"@id":"https:\/\/diacltda.cl\/?page_id=115#breadcrumb"},"inLanguage":"es","potentialAction":[{"@type":"ReadAction","target":["https:\/\/diacltda.cl\/?page_id=115"]}]},{"@type":"BreadcrumbList","@id":"https:\/\/diacltda.cl\/?page_id=115#breadcrumb","itemListElement":[{"@type":"ListItem","position":1,"name":"Portada","item":"https:\/\/diacltda.cl\/"},{"@type":"ListItem","position":2,"name":"Centro Social Hijos de la Ex Oficina Salitrera Jos\u00e9 Vergara"}]},{"@type":"WebSite","@id":"https:\/\/diacltda.cl\/#website","url":"https:\/\/diacltda.cl\/","name":"Ingenier\u00eda y distribuci\u00f3n El\u00e9ctrica Diac Ltda","description":"Empresa con experiencia en el rubro el\u00e9ctrico, Construcci\u00f3n y mantenci\u00f3n industrial, Metalmec\u00e1nica y Mec\u00e1nica de suelo","publisher":{"@id":"https:\/\/diacltda.cl\/#organization"},"potentialAction":[{"@type":"SearchAction","target":{"@type":"EntryPoint","urlTemplate":"https:\/\/diacltda.cl\/?s={search_term_string}"},"query-input":"required name=search_term_string"}],"inLanguage":"es"},{"@type":"Organization","@id":"https:\/\/diacltda.cl\/#organization","name":"Ingenier\u00eda y distribuci\u00f3n El\u00e9ctrica Diac Ltda","url":"https:\/\/diacltda.cl\/","sameAs":[],"logo":{"@type":"ImageObject","inLanguage":"es","@id":"https:\/\/diacltda.cl\/#\/schema\/logo\/image\/","url":"https:\/\/diacltda.cl\/wp-content\/uploads\/2022\/08\/cropped-Logoripo-google-chrome-1.jpg","contentUrl":"https:\/\/diacltda.cl\/wp-content\/uploads\/2022\/08\/cropped-Logoripo-google-chrome-1.jpg","width":334,"height":137,"caption":"Ingenier\u00eda y distribuci\u00f3n El\u00e9ctrica Diac Ltda"},"image":{"@id":"https:\/\/diacltda.cl\/#\/schema\/logo\/image\/"}}]}},"_links":{"self":[{"href":"https:\/\/diacltda.cl\/index.php?rest_route=\/wp\/v2\/pages\/115"}],"collection":[{"href":"https:\/\/diacltda.cl\/index.php?rest_route=\/wp\/v2\/pages"}],"about":[{"href":"https:\/\/diacltda.cl\/index.php?rest_route=\/wp\/v2\/types\/page"}],"author":[{"embeddable":true,"href":"https:\/\/diacltda.cl\/index.php?rest_route=\/wp\/v2\/users\/1"}],"replies":[{"embeddable":true,"href":"https:\/\/diacltda.cl\/index.php?rest_route=%2Fwp%2Fv2%2Fcomments&post=115"}],"version-history":[{"count":2,"href":"https:\/\/diacltda.cl\/index.php?rest_route=\/wp\/v2\/pages\/115\/revisions"}],"predecessor-version":[{"id":130,"href":"https:\/\/diacltda.cl\/index.php?rest_route=\/wp\/v2\/pages\/115\/revisions\/130"}],"wp:featuredmedia":[{"embeddable":true,"href":"https:\/\/diacltda.cl\/index.php?rest_route=\/wp\/v2\/media\/212"}],"wp:attachment":[{"href":"https:\/\/diacltda.cl\/index.php?rest_route=%2Fwp%2Fv2%2Fmedia&parent=115"}],"curies":[{"name":"wp","href":"https:\/\/api.w.org\/{rel}","templated":true}]}}