{"id":118,"date":"2020-02-13T17:47:00","date_gmt":"2020-02-13T17:47:00","guid":{"rendered":"https:\/\/diacltda.cl\/?page_id=118"},"modified":"2020-03-05T20:35:18","modified_gmt":"2020-03-05T20:35:18","slug":"club-magisterio","status":"publish","type":"page","link":"https:\/\/diacltda.cl\/?page_id=118","title":{"rendered":"Club Magisterio"},"content":{"rendered":"<style>#jtg-261 .modula-item .jtg-social a { color: #ffffff }#jtg-261 .modula-item .jtg-social svg { height: 16px; width: 16px }#jtg-261 .modula-item .jtg-social a { margin-right: 10px }#jtg-261 .modula-item .caption { background-color: #ffffff;  }#jtg-261 .modula-item .figc {color:#ffffff;}#jtg-261 .modula-item { transform: scale(1); }#jtg-261 { width:100%;}#jtg-261 .modula-items{height:800px;}#jtg-261 .modula-items .figc p.description { color:#ffffff;font-size:14px; }#jtg-261 .modula-items .figc .jtg-title { color:#ffffff; }#jtg-261 .modula-item>a { cursor:zoom-in; } @media screen and (max-width:480px){#jtg-261 .modula-item .figc .jtg-title {  font-size: 12px; }#jtg-261 .modula-items .figc p.description { color:#ffffff;font-size:10px; }}<\/style>\n<!-- Gallery Container -->\n<div  id=\"jtg-261\" class=\"modula modula-gallery\" data-config=\"{&quot;margin&quot;:10,&quot;enableTwitter&quot;:true,&quot;enableWhatsapp&quot;:true,&quot;enableFacebook&quot;:true,&quot;enablePinterest&quot;:true,&quot;enableLinkedin&quot;:true,&quot;randomFactor&quot;:0.5,&quot;type&quot;:&quot;creative-gallery&quot;,&quot;columns&quot;:12,&quot;gutter&quot;:10,&quot;enableResponsive&quot;:&quot;0&quot;,&quot;tabletColumns&quot;:&quot;2&quot;,&quot;mobileColumns&quot;:&quot;1&quot;,&quot;lazyLoad&quot;:&quot;0&quot;}\">\n\n\t\n\t<!-- Items Container -->\n\t<div  class=\"modula-items\">\n\t\t<div class=\"modula-item effect-pufrobo\" >\n\n\t\n\t\t\t<a href=\"https:\/\/diacltda.cl\/wp-content\/uploads\/2020\/02\/magisterio3.jpg\" data-title=\"\" data-lightbox=\"jtg-261\" class=\"tile-inner\"><\/a>\n\t\n\t\n\t<img class='pic' data-valign=\"middle\" data-halign=\"center\" alt=\"\" src=\"https:\/\/diacltda.cl\/wp-content\/uploads\/2020\/02\/magisterio3-500x99999.jpg\" data-src=\"https:\/\/diacltda.cl\/wp-content\/uploads\/2020\/02\/magisterio3-500x99999.jpg\"\/>\n\n\t\n\t<div class=\"figc no-description\">\n\t\t<div class=\"figc-inner\">\n\t\t\t\t\t\t\t\t\t\t<p class=\"description\"><\/p>\n\t\t\t\t\t\t\t\t\t<div class=\"jtg-social\">\n\t\t\t\t\t\t\t\t<a class=\"modula-icon-twitter\" href=\"#\"><svg aria-hidden=\"true\" data-prefix=\"fab\" data-icon=\"twitter\" class=\"svg-inline--fa fa-twitter fa-w-16\" role=\"img\" xmlns=\"http:\/\/www.w3.org\/2000\/svg\" viewBox=\"0 0 512 512\"><path fill=\"currentColor\" d=\"M459.37 151.716c.325 4.548.325 9.097.325 13.645 0 138.72-105.583 298.558-298.558 298.558-59.452 0-114.68-17.219-161.137-47.106 8.447.974 16.568 1.299 25.34 1.299 49.055 0 94.213-16.568 130.274-44.832-46.132-.975-84.792-31.188-98.112-72.772 6.498.974 12.995 1.624 19.818 1.624 9.421 0 18.843-1.3 27.614-3.573-48.081-9.747-84.143-51.98-84.143-102.985v-1.299c13.969 7.797 30.214 12.67 47.431 13.319-28.264-18.843-46.781-51.005-46.781-87.391 0-19.492 5.197-37.36 14.294-52.954 51.655 63.675 129.3 105.258 216.365 109.807-1.624-7.797-2.599-15.918-2.599-24.04 0-57.828 46.782-104.934 104.934-104.934 30.213 0 57.502 12.67 76.67 33.137 23.715-4.548 46.456-13.32 66.599-25.34-7.798 24.366-24.366 44.833-46.132 57.827 21.117-2.273 41.584-8.122 60.426-16.243-14.292 20.791-32.161 39.308-52.628 54.253z\"><\/path><\/svg><\/a>\n\t\t\t\t\t\t\t\t\t\t\t\t<a class=\"modula-icon-facebook\" href=\"#\"><svg aria-hidden=\"true\" data-prefix=\"fab\" data-icon=\"facebook-f\" class=\"svg-inline--fa fa-facebook-f fa-w-9\" role=\"img\" xmlns=\"http:\/\/www.w3.org\/2000\/svg\" viewBox=\"0 0 264 512\"><path fill=\"currentColor\" d=\"M76.7 512V283H0v-91h76.7v-71.7C76.7 42.4 124.3 0 193.8 0c33.3 0 61.9 2.5 70.2 3.6V85h-48.2c-37.8 0-45.1 18-45.1 44.3V192H256l-11.7 91h-73.6v229\"><\/path><\/svg><\/a>\n\t\t\t\t\t\t\t\t\t\t\t\t<a class=\"modula-icon-whatsapp\" href=\"#\"><svg aria-hidden=\"true\" focusable=\"false\" style=\"-ms-transform: rotate(360deg); -webkit-transform: rotate(360deg); transform: rotate(360deg);\" preserveAspectRatio=\"xMidYMid meet\" viewBox=\"0 0 1536 1600\"><path d=\"M985 878q13 0 97.5 44t89.5 53q2 5 2 15q0 33-17 76q-16 39-71 65.5T984 1158q-57 0-190-62q-98-45-170-118T476 793q-72-107-71-194v-8q3-91 74-158q24-22 52-22q6 0 18 1.5t19 1.5q19 0 26.5 6.5T610 448q8 20 33 88t25 75q0 21-34.5 57.5T599 715q0 7 5 15q34 73 102 137q56 53 151 101q12 7 22 7q15 0 54-48.5t52-48.5zm-203 530q127 0 243.5-50t200.5-134t134-200.5t50-243.5t-50-243.5T1226 336t-200.5-134T782 152t-243.5 50T338 336T204 536.5T154 780q0 203 120 368l-79 233l242-77q158 104 345 104zm0-1382q153 0 292.5 60T1315 247t161 240.5t60 292.5t-60 292.5t-161 240.5t-240.5 161t-292.5 60q-195 0-365-94L0 1574l136-405Q28 991 28 780q0-153 60-292.5T249 247T489.5 86T782 26z\" fill=\"currentColor\"\/><\/svg><\/a>\n\t\t\t\t\t\t\t\t\t\t\t\t<a class=\"modula-icon-pinterest\" href=\"#\"><svg aria-hidden=\"true\" data-prefix=\"fab\" data-icon=\"pinterest-p\" class=\"svg-inline--fa fa-pinterest-p fa-w-12\" role=\"img\" xmlns=\"http:\/\/www.w3.org\/2000\/svg\" viewBox=\"0 0 384 512\"><path fill=\"currentColor\" d=\"M204 6.5C101.4 6.5 0 74.9 0 185.6 0 256 39.6 296 63.6 296c9.9 0 15.6-27.6 15.6-35.4 0-9.3-23.7-29.1-23.7-67.8 0-80.4 61.2-137.4 140.4-137.4 68.1 0 118.5 38.7 118.5 109.8 0 53.1-21.3 152.7-90.3 152.7-24.9 0-46.2-18-46.2-43.8 0-37.8 26.4-74.4 26.4-113.4 0-66.2-93.9-54.2-93.9 25.8 0 16.8 2.1 35.4 9.6 50.7-13.8 59.4-42 147.9-42 209.1 0 18.9 2.7 37.5 4.5 56.4 3.4 3.8 1.7 3.4 6.9 1.5 50.4-69 48.6-82.5 71.4-172.8 12.3 23.4 44.1 36 69.3 36 106.2 0 153.9-103.5 153.9-196.8C384 71.3 298.2 6.5 204 6.5z\"><\/path><\/svg><\/a>\n\t\t\t\t\t\t\t\t\t\t\t\t<a class=\"modula-icon-linkedin\" href=\"#\"><svg aria-hidden=\"true\" focusable=\"false\" data-prefix=\"fab\" data-icon=\"linkedin-in\" class=\"svg-inline--fa fa-linkedin-in fa-w-14\" role=\"img\" xmlns=\"http:\/\/www.w3.org\/2000\/svg\" viewBox=\"0 0 448 512\"><path fill=\"currentColor\" d=\"M100.28 448H7.4V148.9h92.88zM53.79 108.1C24.09 108.1 0 83.5 0 53.8a53.79 53.79 0 0 1 107.58 0c0 29.7-24.1 54.3-53.79 54.3zM447.9 448h-92.68V302.4c0-34.7-.7-79.2-48.29-79.2-48.29 0-55.69 37.7-55.69 76.7V448h-92.78V148.9h89.08v40.8h1.3c12.4-23.5 42.69-48.3 87.88-48.3 94 0 111.28 61.9 111.28 142.3V448z\"><\/path><\/svg><\/a>\n\t\t\t\t\t\t\t<\/div>\n\t\t\t\t\t<\/div>\n\t<\/div>\n<\/div><div class=\"modula-item effect-pufrobo\" >\n\n\t\n\t\t\t<a href=\"https:\/\/diacltda.cl\/wp-content\/uploads\/2020\/02\/magisterio2.jpg\" data-title=\"\" data-lightbox=\"jtg-261\" class=\"tile-inner\"><\/a>\n\t\n\t\n\t<img class='pic' data-valign=\"middle\" data-halign=\"center\" alt=\"\" src=\"https:\/\/diacltda.cl\/wp-content\/uploads\/2020\/02\/magisterio2-500x99999.jpg\" data-src=\"https:\/\/diacltda.cl\/wp-content\/uploads\/2020\/02\/magisterio2-500x99999.jpg\"\/>\n\n\t\n\t<div class=\"figc no-description\">\n\t\t<div class=\"figc-inner\">\n\t\t\t\t\t\t\t\t\t\t<p class=\"description\"><\/p>\n\t\t\t\t\t\t\t\t\t<div class=\"jtg-social\">\n\t\t\t\t\t\t\t\t<a class=\"modula-icon-twitter\" href=\"#\"><svg aria-hidden=\"true\" data-prefix=\"fab\" data-icon=\"twitter\" class=\"svg-inline--fa fa-twitter fa-w-16\" role=\"img\" xmlns=\"http:\/\/www.w3.org\/2000\/svg\" viewBox=\"0 0 512 512\"><path fill=\"currentColor\" d=\"M459.37 151.716c.325 4.548.325 9.097.325 13.645 0 138.72-105.583 298.558-298.558 298.558-59.452 0-114.68-17.219-161.137-47.106 8.447.974 16.568 1.299 25.34 1.299 49.055 0 94.213-16.568 130.274-44.832-46.132-.975-84.792-31.188-98.112-72.772 6.498.974 12.995 1.624 19.818 1.624 9.421 0 18.843-1.3 27.614-3.573-48.081-9.747-84.143-51.98-84.143-102.985v-1.299c13.969 7.797 30.214 12.67 47.431 13.319-28.264-18.843-46.781-51.005-46.781-87.391 0-19.492 5.197-37.36 14.294-52.954 51.655 63.675 129.3 105.258 216.365 109.807-1.624-7.797-2.599-15.918-2.599-24.04 0-57.828 46.782-104.934 104.934-104.934 30.213 0 57.502 12.67 76.67 33.137 23.715-4.548 46.456-13.32 66.599-25.34-7.798 24.366-24.366 44.833-46.132 57.827 21.117-2.273 41.584-8.122 60.426-16.243-14.292 20.791-32.161 39.308-52.628 54.253z\"><\/path><\/svg><\/a>\n\t\t\t\t\t\t\t\t\t\t\t\t<a class=\"modula-icon-facebook\" href=\"#\"><svg aria-hidden=\"true\" data-prefix=\"fab\" data-icon=\"facebook-f\" class=\"svg-inline--fa fa-facebook-f fa-w-9\" role=\"img\" xmlns=\"http:\/\/www.w3.org\/2000\/svg\" viewBox=\"0 0 264 512\"><path fill=\"currentColor\" d=\"M76.7 512V283H0v-91h76.7v-71.7C76.7 42.4 124.3 0 193.8 0c33.3 0 61.9 2.5 70.2 3.6V85h-48.2c-37.8 0-45.1 18-45.1 44.3V192H256l-11.7 91h-73.6v229\"><\/path><\/svg><\/a>\n\t\t\t\t\t\t\t\t\t\t\t\t<a class=\"modula-icon-whatsapp\" href=\"#\"><svg aria-hidden=\"true\" focusable=\"false\" style=\"-ms-transform: rotate(360deg); -webkit-transform: rotate(360deg); transform: rotate(360deg);\" preserveAspectRatio=\"xMidYMid meet\" viewBox=\"0 0 1536 1600\"><path d=\"M985 878q13 0 97.5 44t89.5 53q2 5 2 15q0 33-17 76q-16 39-71 65.5T984 1158q-57 0-190-62q-98-45-170-118T476 793q-72-107-71-194v-8q3-91 74-158q24-22 52-22q6 0 18 1.5t19 1.5q19 0 26.5 6.5T610 448q8 20 33 88t25 75q0 21-34.5 57.5T599 715q0 7 5 15q34 73 102 137q56 53 151 101q12 7 22 7q15 0 54-48.5t52-48.5zm-203 530q127 0 243.5-50t200.5-134t134-200.5t50-243.5t-50-243.5T1226 336t-200.5-134T782 152t-243.5 50T338 336T204 536.5T154 780q0 203 120 368l-79 233l242-77q158 104 345 104zm0-1382q153 0 292.5 60T1315 247t161 240.5t60 292.5t-60 292.5t-161 240.5t-240.5 161t-292.5 60q-195 0-365-94L0 1574l136-405Q28 991 28 780q0-153 60-292.5T249 247T489.5 86T782 26z\" fill=\"currentColor\"\/><\/svg><\/a>\n\t\t\t\t\t\t\t\t\t\t\t\t<a class=\"modula-icon-pinterest\" href=\"#\"><svg aria-hidden=\"true\" data-prefix=\"fab\" data-icon=\"pinterest-p\" class=\"svg-inline--fa fa-pinterest-p fa-w-12\" role=\"img\" xmlns=\"http:\/\/www.w3.org\/2000\/svg\" viewBox=\"0 0 384 512\"><path fill=\"currentColor\" d=\"M204 6.5C101.4 6.5 0 74.9 0 185.6 0 256 39.6 296 63.6 296c9.9 0 15.6-27.6 15.6-35.4 0-9.3-23.7-29.1-23.7-67.8 0-80.4 61.2-137.4 140.4-137.4 68.1 0 118.5 38.7 118.5 109.8 0 53.1-21.3 152.7-90.3 152.7-24.9 0-46.2-18-46.2-43.8 0-37.8 26.4-74.4 26.4-113.4 0-66.2-93.9-54.2-93.9 25.8 0 16.8 2.1 35.4 9.6 50.7-13.8 59.4-42 147.9-42 209.1 0 18.9 2.7 37.5 4.5 56.4 3.4 3.8 1.7 3.4 6.9 1.5 50.4-69 48.6-82.5 71.4-172.8 12.3 23.4 44.1 36 69.3 36 106.2 0 153.9-103.5 153.9-196.8C384 71.3 298.2 6.5 204 6.5z\"><\/path><\/svg><\/a>\n\t\t\t\t\t\t\t\t\t\t\t\t<a class=\"modula-icon-linkedin\" href=\"#\"><svg aria-hidden=\"true\" focusable=\"false\" data-prefix=\"fab\" data-icon=\"linkedin-in\" class=\"svg-inline--fa fa-linkedin-in fa-w-14\" role=\"img\" xmlns=\"http:\/\/www.w3.org\/2000\/svg\" viewBox=\"0 0 448 512\"><path fill=\"currentColor\" d=\"M100.28 448H7.4V148.9h92.88zM53.79 108.1C24.09 108.1 0 83.5 0 53.8a53.79 53.79 0 0 1 107.58 0c0 29.7-24.1 54.3-53.79 54.3zM447.9 448h-92.68V302.4c0-34.7-.7-79.2-48.29-79.2-48.29 0-55.69 37.7-55.69 76.7V448h-92.78V148.9h89.08v40.8h1.3c12.4-23.5 42.69-48.3 87.88-48.3 94 0 111.28 61.9 111.28 142.3V448z\"><\/path><\/svg><\/a>\n\t\t\t\t\t\t\t<\/div>\n\t\t\t\t\t<\/div>\n\t<\/div>\n<\/div><div class=\"modula-item effect-pufrobo\" >\n\n\t\n\t\t\t<a href=\"https:\/\/diacltda.cl\/wp-content\/uploads\/2020\/02\/magisterio1.jpg\" data-title=\"\" data-lightbox=\"jtg-261\" class=\"tile-inner\"><\/a>\n\t\n\t\n\t<img class='pic' data-valign=\"middle\" data-halign=\"center\" alt=\"\" src=\"https:\/\/diacltda.cl\/wp-content\/uploads\/2020\/02\/magisterio1-500x99999.jpg\" data-src=\"https:\/\/diacltda.cl\/wp-content\/uploads\/2020\/02\/magisterio1-500x99999.jpg\"\/>\n\n\t\n\t<div class=\"figc no-description\">\n\t\t<div class=\"figc-inner\">\n\t\t\t\t\t\t\t\t\t\t<p class=\"description\"><\/p>\n\t\t\t\t\t\t\t\t\t<div class=\"jtg-social\">\n\t\t\t\t\t\t\t\t<a class=\"modula-icon-twitter\" href=\"#\"><svg aria-hidden=\"true\" data-prefix=\"fab\" data-icon=\"twitter\" class=\"svg-inline--fa fa-twitter fa-w-16\" role=\"img\" xmlns=\"http:\/\/www.w3.org\/2000\/svg\" viewBox=\"0 0 512 512\"><path fill=\"currentColor\" d=\"M459.37 151.716c.325 4.548.325 9.097.325 13.645 0 138.72-105.583 298.558-298.558 298.558-59.452 0-114.68-17.219-161.137-47.106 8.447.974 16.568 1.299 25.34 1.299 49.055 0 94.213-16.568 130.274-44.832-46.132-.975-84.792-31.188-98.112-72.772 6.498.974 12.995 1.624 19.818 1.624 9.421 0 18.843-1.3 27.614-3.573-48.081-9.747-84.143-51.98-84.143-102.985v-1.299c13.969 7.797 30.214 12.67 47.431 13.319-28.264-18.843-46.781-51.005-46.781-87.391 0-19.492 5.197-37.36 14.294-52.954 51.655 63.675 129.3 105.258 216.365 109.807-1.624-7.797-2.599-15.918-2.599-24.04 0-57.828 46.782-104.934 104.934-104.934 30.213 0 57.502 12.67 76.67 33.137 23.715-4.548 46.456-13.32 66.599-25.34-7.798 24.366-24.366 44.833-46.132 57.827 21.117-2.273 41.584-8.122 60.426-16.243-14.292 20.791-32.161 39.308-52.628 54.253z\"><\/path><\/svg><\/a>\n\t\t\t\t\t\t\t\t\t\t\t\t<a class=\"modula-icon-facebook\" href=\"#\"><svg aria-hidden=\"true\" data-prefix=\"fab\" data-icon=\"facebook-f\" class=\"svg-inline--fa fa-facebook-f fa-w-9\" role=\"img\" xmlns=\"http:\/\/www.w3.org\/2000\/svg\" viewBox=\"0 0 264 512\"><path fill=\"currentColor\" d=\"M76.7 512V283H0v-91h76.7v-71.7C76.7 42.4 124.3 0 193.8 0c33.3 0 61.9 2.5 70.2 3.6V85h-48.2c-37.8 0-45.1 18-45.1 44.3V192H256l-11.7 91h-73.6v229\"><\/path><\/svg><\/a>\n\t\t\t\t\t\t\t\t\t\t\t\t<a class=\"modula-icon-whatsapp\" href=\"#\"><svg aria-hidden=\"true\" focusable=\"false\" style=\"-ms-transform: rotate(360deg); -webkit-transform: rotate(360deg); transform: rotate(360deg);\" preserveAspectRatio=\"xMidYMid meet\" viewBox=\"0 0 1536 1600\"><path d=\"M985 878q13 0 97.5 44t89.5 53q2 5 2 15q0 33-17 76q-16 39-71 65.5T984 1158q-57 0-190-62q-98-45-170-118T476 793q-72-107-71-194v-8q3-91 74-158q24-22 52-22q6 0 18 1.5t19 1.5q19 0 26.5 6.5T610 448q8 20 33 88t25 75q0 21-34.5 57.5T599 715q0 7 5 15q34 73 102 137q56 53 151 101q12 7 22 7q15 0 54-48.5t52-48.5zm-203 530q127 0 243.5-50t200.5-134t134-200.5t50-243.5t-50-243.5T1226 336t-200.5-134T782 152t-243.5 50T338 336T204 536.5T154 780q0 203 120 368l-79 233l242-77q158 104 345 104zm0-1382q153 0 292.5 60T1315 247t161 240.5t60 292.5t-60 292.5t-161 240.5t-240.5 161t-292.5 60q-195 0-365-94L0 1574l136-405Q28 991 28 780q0-153 60-292.5T249 247T489.5 86T782 26z\" fill=\"currentColor\"\/><\/svg><\/a>\n\t\t\t\t\t\t\t\t\t\t\t\t<a class=\"modula-icon-pinterest\" href=\"#\"><svg aria-hidden=\"true\" data-prefix=\"fab\" data-icon=\"pinterest-p\" class=\"svg-inline--fa fa-pinterest-p fa-w-12\" role=\"img\" xmlns=\"http:\/\/www.w3.org\/2000\/svg\" viewBox=\"0 0 384 512\"><path fill=\"currentColor\" d=\"M204 6.5C101.4 6.5 0 74.9 0 185.6 0 256 39.6 296 63.6 296c9.9 0 15.6-27.6 15.6-35.4 0-9.3-23.7-29.1-23.7-67.8 0-80.4 61.2-137.4 140.4-137.4 68.1 0 118.5 38.7 118.5 109.8 0 53.1-21.3 152.7-90.3 152.7-24.9 0-46.2-18-46.2-43.8 0-37.8 26.4-74.4 26.4-113.4 0-66.2-93.9-54.2-93.9 25.8 0 16.8 2.1 35.4 9.6 50.7-13.8 59.4-42 147.9-42 209.1 0 18.9 2.7 37.5 4.5 56.4 3.4 3.8 1.7 3.4 6.9 1.5 50.4-69 48.6-82.5 71.4-172.8 12.3 23.4 44.1 36 69.3 36 106.2 0 153.9-103.5 153.9-196.8C384 71.3 298.2 6.5 204 6.5z\"><\/path><\/svg><\/a>\n\t\t\t\t\t\t\t\t\t\t\t\t<a class=\"modula-icon-linkedin\" href=\"#\"><svg aria-hidden=\"true\" focusable=\"false\" data-prefix=\"fab\" data-icon=\"linkedin-in\" class=\"svg-inline--fa fa-linkedin-in fa-w-14\" role=\"img\" xmlns=\"http:\/\/www.w3.org\/2000\/svg\" viewBox=\"0 0 448 512\"><path fill=\"currentColor\" d=\"M100.28 448H7.4V148.9h92.88zM53.79 108.1C24.09 108.1 0 83.5 0 53.8a53.79 53.79 0 0 1 107.58 0c0 29.7-24.1 54.3-53.79 54.3zM447.9 448h-92.68V302.4c0-34.7-.7-79.2-48.29-79.2-48.29 0-55.69 37.7-55.69 76.7V448h-92.78V148.9h89.08v40.8h1.3c12.4-23.5 42.69-48.3 87.88-48.3 94 0 111.28 61.9 111.28 142.3V448z\"><\/path><\/svg><\/a>\n\t\t\t\t\t\t\t<\/div>\n\t\t\t\t\t<\/div>\n\t<\/div>\n<\/div>\t<\/div>\n\n\t\n\t\n\t<script type=\"application\/ld+json\">\n\t{\n\t\t\"@context\": \"http:\/\/schema.org\",\n\t\t\"@type\"   : \"ImageGallery\",\n\t\t\"id\"      : \"https:\/\/diacltda.cl\",\n\t\t\"url\"     : \"https:\/\/diacltda.cl\"\n\t}\n\n    <\/script>\n\n\t\n<\/div><!-- This gallery was built with Modula Gallery -->","protected":false},"excerpt":{"rendered":"","protected":false},"author":1,"featured_media":0,"parent":0,"menu_order":0,"comment_status":"closed","ping_status":"closed","template":"","meta":[],"yoast_head":"<!-- This site is optimized with the Yoast SEO plugin v19.5.1 - https:\/\/yoast.com\/wordpress\/plugins\/seo\/ -->\n<title>Club Magisterio - Ingenier\u00eda y distribuci\u00f3n El\u00e9ctrica Diac Ltda<\/title>\n<meta name=\"robots\" content=\"index, follow, max-snippet:-1, max-image-preview:large, max-video-preview:-1\" \/>\n<link rel=\"canonical\" href=\"https:\/\/diacltda.cl\/?page_id=118\" \/>\n<meta property=\"og:locale\" content=\"es_ES\" \/>\n<meta property=\"og:type\" content=\"article\" \/>\n<meta property=\"og:title\" content=\"Club Magisterio - Ingenier\u00eda y distribuci\u00f3n El\u00e9ctrica Diac Ltda\" \/>\n<meta property=\"og:url\" content=\"https:\/\/diacltda.cl\/?page_id=118\" \/>\n<meta property=\"og:site_name\" content=\"Ingenier\u00eda y distribuci\u00f3n El\u00e9ctrica Diac Ltda\" \/>\n<meta property=\"article:modified_time\" content=\"2020-03-05T20:35:18+00:00\" \/>\n<meta name=\"twitter:card\" content=\"summary_large_image\" \/>\n<script type=\"application\/ld+json\" class=\"yoast-schema-graph\">{\"@context\":\"https:\/\/schema.org\",\"@graph\":[{\"@type\":\"WebPage\",\"@id\":\"https:\/\/diacltda.cl\/?page_id=118\",\"url\":\"https:\/\/diacltda.cl\/?page_id=118\",\"name\":\"Club Magisterio - Ingenier\u00eda y distribuci\u00f3n El\u00e9ctrica Diac Ltda\",\"isPartOf\":{\"@id\":\"https:\/\/diacltda.cl\/#website\"},\"datePublished\":\"2020-02-13T17:47:00+00:00\",\"dateModified\":\"2020-03-05T20:35:18+00:00\",\"breadcrumb\":{\"@id\":\"https:\/\/diacltda.cl\/?page_id=118#breadcrumb\"},\"inLanguage\":\"es\",\"potentialAction\":[{\"@type\":\"ReadAction\",\"target\":[\"https:\/\/diacltda.cl\/?page_id=118\"]}]},{\"@type\":\"BreadcrumbList\",\"@id\":\"https:\/\/diacltda.cl\/?page_id=118#breadcrumb\",\"itemListElement\":[{\"@type\":\"ListItem\",\"position\":1,\"name\":\"Portada\",\"item\":\"https:\/\/diacltda.cl\/\"},{\"@type\":\"ListItem\",\"position\":2,\"name\":\"Club Magisterio\"}]},{\"@type\":\"WebSite\",\"@id\":\"https:\/\/diacltda.cl\/#website\",\"url\":\"https:\/\/diacltda.cl\/\",\"name\":\"Ingenier\u00eda y distribuci\u00f3n El\u00e9ctrica Diac Ltda\",\"description\":\"Empresa con experiencia en el rubro el\u00e9ctrico, Construcci\u00f3n y mantenci\u00f3n industrial, Metalmec\u00e1nica y Mec\u00e1nica de suelo\",\"publisher\":{\"@id\":\"https:\/\/diacltda.cl\/#organization\"},\"potentialAction\":[{\"@type\":\"SearchAction\",\"target\":{\"@type\":\"EntryPoint\",\"urlTemplate\":\"https:\/\/diacltda.cl\/?s={search_term_string}\"},\"query-input\":\"required name=search_term_string\"}],\"inLanguage\":\"es\"},{\"@type\":\"Organization\",\"@id\":\"https:\/\/diacltda.cl\/#organization\",\"name\":\"Ingenier\u00eda y distribuci\u00f3n El\u00e9ctrica Diac Ltda\",\"url\":\"https:\/\/diacltda.cl\/\",\"sameAs\":[],\"logo\":{\"@type\":\"ImageObject\",\"inLanguage\":\"es\",\"@id\":\"https:\/\/diacltda.cl\/#\/schema\/logo\/image\/\",\"url\":\"https:\/\/diacltda.cl\/wp-content\/uploads\/2022\/08\/cropped-Logoripo-google-chrome-1.jpg\",\"contentUrl\":\"https:\/\/diacltda.cl\/wp-content\/uploads\/2022\/08\/cropped-Logoripo-google-chrome-1.jpg\",\"width\":334,\"height\":137,\"caption\":\"Ingenier\u00eda y distribuci\u00f3n El\u00e9ctrica Diac Ltda\"},\"image\":{\"@id\":\"https:\/\/diacltda.cl\/#\/schema\/logo\/image\/\"}}]}<\/script>\n<!-- \/ Yoast SEO plugin. -->","yoast_head_json":{"title":"Club Magisterio - Ingenier\u00eda y distribuci\u00f3n El\u00e9ctrica Diac Ltda","robots":{"index":"index","follow":"follow","max-snippet":"max-snippet:-1","max-image-preview":"max-image-preview:large","max-video-preview":"max-video-preview:-1"},"canonical":"https:\/\/diacltda.cl\/?page_id=118","og_locale":"es_ES","og_type":"article","og_title":"Club Magisterio - Ingenier\u00eda y distribuci\u00f3n El\u00e9ctrica Diac Ltda","og_url":"https:\/\/diacltda.cl\/?page_id=118","og_site_name":"Ingenier\u00eda y distribuci\u00f3n El\u00e9ctrica Diac Ltda","article_modified_time":"2020-03-05T20:35:18+00:00","twitter_card":"summary_large_image","schema":{"@context":"https:\/\/schema.org","@graph":[{"@type":"WebPage","@id":"https:\/\/diacltda.cl\/?page_id=118","url":"https:\/\/diacltda.cl\/?page_id=118","name":"Club Magisterio - Ingenier\u00eda y distribuci\u00f3n El\u00e9ctrica Diac Ltda","isPartOf":{"@id":"https:\/\/diacltda.cl\/#website"},"datePublished":"2020-02-13T17:47:00+00:00","dateModified":"2020-03-05T20:35:18+00:00","breadcrumb":{"@id":"https:\/\/diacltda.cl\/?page_id=118#breadcrumb"},"inLanguage":"es","potentialAction":[{"@type":"ReadAction","target":["https:\/\/diacltda.cl\/?page_id=118"]}]},{"@type":"BreadcrumbList","@id":"https:\/\/diacltda.cl\/?page_id=118#breadcrumb","itemListElement":[{"@type":"ListItem","position":1,"name":"Portada","item":"https:\/\/diacltda.cl\/"},{"@type":"ListItem","position":2,"name":"Club Magisterio"}]},{"@type":"WebSite","@id":"https:\/\/diacltda.cl\/#website","url":"https:\/\/diacltda.cl\/","name":"Ingenier\u00eda y distribuci\u00f3n El\u00e9ctrica Diac Ltda","description":"Empresa con experiencia en el rubro el\u00e9ctrico, Construcci\u00f3n y mantenci\u00f3n industrial, Metalmec\u00e1nica y Mec\u00e1nica de suelo","publisher":{"@id":"https:\/\/diacltda.cl\/#organization"},"potentialAction":[{"@type":"SearchAction","target":{"@type":"EntryPoint","urlTemplate":"https:\/\/diacltda.cl\/?s={search_term_string}"},"query-input":"required name=search_term_string"}],"inLanguage":"es"},{"@type":"Organization","@id":"https:\/\/diacltda.cl\/#organization","name":"Ingenier\u00eda y distribuci\u00f3n El\u00e9ctrica Diac Ltda","url":"https:\/\/diacltda.cl\/","sameAs":[],"logo":{"@type":"ImageObject","inLanguage":"es","@id":"https:\/\/diacltda.cl\/#\/schema\/logo\/image\/","url":"https:\/\/diacltda.cl\/wp-content\/uploads\/2022\/08\/cropped-Logoripo-google-chrome-1.jpg","contentUrl":"https:\/\/diacltda.cl\/wp-content\/uploads\/2022\/08\/cropped-Logoripo-google-chrome-1.jpg","width":334,"height":137,"caption":"Ingenier\u00eda y distribuci\u00f3n El\u00e9ctrica Diac Ltda"},"image":{"@id":"https:\/\/diacltda.cl\/#\/schema\/logo\/image\/"}}]}},"_links":{"self":[{"href":"https:\/\/diacltda.cl\/index.php?rest_route=\/wp\/v2\/pages\/118"}],"collection":[{"href":"https:\/\/diacltda.cl\/index.php?rest_route=\/wp\/v2\/pages"}],"about":[{"href":"https:\/\/diacltda.cl\/index.php?rest_route=\/wp\/v2\/types\/page"}],"author":[{"embeddable":true,"href":"https:\/\/diacltda.cl\/index.php?rest_route=\/wp\/v2\/users\/1"}],"replies":[{"embeddable":true,"href":"https:\/\/diacltda.cl\/index.php?rest_route=%2Fwp%2Fv2%2Fcomments&post=118"}],"version-history":[{"count":4,"href":"https:\/\/diacltda.cl\/index.php?rest_route=\/wp\/v2\/pages\/118\/revisions"}],"predecessor-version":[{"id":264,"href":"https:\/\/diacltda.cl\/index.php?rest_route=\/wp\/v2\/pages\/118\/revisions\/264"}],"wp:attachment":[{"href":"https:\/\/diacltda.cl\/index.php?rest_route=%2Fwp%2Fv2%2Fmedia&parent=118"}],"curies":[{"name":"wp","href":"https:\/\/api.w.org\/{rel}","templated":true}]}}